{"id":406459,"date":"2024-05-15T11:21:01","date_gmt":"2024-05-15T09:21:01","guid":{"rendered":"https:\/\/nautiluskayaks.es\/?post_type=product&#038;p=406459"},"modified":"2024-07-29T11:06:22","modified_gmt":"2024-07-29T09:06:22","slug":"attuannik-planos","status":"publish","type":"product","link":"https:\/\/nautiluskayaks.es\/en\/product\/attuannik-planos\/","title":{"rendered":"Attuannik plans"},"content":{"rendered":"<p>If you are not interested in purchasing the kit, you can try to build your own attuannik from the plans. This gives you more freedom in your choice of wood and customization. The attuannik plans incorporate each and every one of the pieces provided in the kit but with a longer length, which in no case exceeds 240 cm in length. This way you will be able to shape it in standard boards of your choice.<br \/>\nAll the pieces incorporated in the plans are already divided with their corresponding puzzle joint and are in 1:1 scale, ready to trace or transfer to your favorite board. You can also choose to change the puzzle configuration according to your criteria and choice. This is one of the advantages of this system.<br \/>\nThe plans are shipped on continuous opaque paper, in two sections of 60 cm wide by 490 cm long, plus one piece of 40 cm wide by 490 cm long. The three pieces are shipped rolled up on themselves to guarantee the absence of folds or deformations with adequate packaging to guarantee their integrity.<\/p>","protected":false},"excerpt":{"rendered":"<p>Si no est\u00e1s interesado en adquirir el kit, puedes intentar construir tu propio attuannik a partir de los planos. Esto te da m\u00e1s libertad a la hora de elegir madera y personalizaci\u00f3n. Los planos attuannik incorporan todas y cada una de las piezas que se aportan en el kit pero con una longitud mayor, que [&hellip;]<\/p>","protected":false},"featured_media":406917,"template":"","meta":{"_uf_show_specific_survey":0,"_uf_disable_surveys":false},"product_brand":[],"product_cat":[269],"product_tag":[],"class_list":{"0":"post-406459","1":"product","2":"type-product","3":"status-publish","4":"has-post-thumbnail","6":"product_cat-attuannik","8":"first","9":"instock","10":"taxable","11":"shipping-taxable","12":"purchasable","13":"product-type-simple"},"aioseo_notices":[],"_links":{"self":[{"href":"https:\/\/nautiluskayaks.es\/en\/wp-json\/wp\/v2\/product\/406459","targetHints":{"allow":["GET"]}}],"collection":[{"href":"https:\/\/nautiluskayaks.es\/en\/wp-json\/wp\/v2\/product"}],"about":[{"href":"https:\/\/nautiluskayaks.es\/en\/wp-json\/wp\/v2\/types\/product"}],"wp:featuredmedia":[{"embeddable":true,"href":"https:\/\/nautiluskayaks.es\/en\/wp-json\/wp\/v2\/media\/406917"}],"wp:attachment":[{"href":"https:\/\/nautiluskayaks.es\/en\/wp-json\/wp\/v2\/media?parent=406459"}],"wp:term":[{"taxonomy":"product_brand","embeddable":true,"href":"https:\/\/nautiluskayaks.es\/en\/wp-json\/wp\/v2\/product_brand?post=406459"},{"taxonomy":"product_cat","embeddable":true,"href":"https:\/\/nautiluskayaks.es\/en\/wp-json\/wp\/v2\/product_cat?post=406459"},{"taxonomy":"product_tag","embeddable":true,"href":"https:\/\/nautiluskayaks.es\/en\/wp-json\/wp\/v2\/product_tag?post=406459"}],"curies":[{"name":"wp","href":"https:\/\/api.w.org\/{rel}","templated":true}]}}