{"id":406429,"date":"2024-05-15T10:54:52","date_gmt":"2024-05-15T08:54:52","guid":{"rendered":"https:\/\/nautiluskayaks.es\/?post_type=product&#038;p=406429"},"modified":"2024-08-05T20:25:44","modified_gmt":"2024-08-05T18:25:44","slug":"attuannik-kit","status":"publish","type":"product","link":"https:\/\/nautiluskayaks.es\/en\/product\/attuannik-kit\/","title":{"rendered":"Attuannik self-assembly kit"},"content":{"rendered":"<h2>\u00bfQue es attuannik?<\/h2>\n<p>Attuannik significa viento del norte en el idioma inuti, haciendo referencia a la inspiraci\u00f3n que viene de los kayaks groenlandeses.<\/p>\n<p>Attuannik es un kayak de estilo groenlandes, eso quieres decir que presenta poco volumen en su parte expuesta (obra muerta), ademas de pantoques afilados en su casco. Esto confiere a este tipo de kayak unas caracter\u00edsticas muy concretas como son la oca afectaci\u00f3n por el viento y una capacidad de maniobra muy buena mediante el canteo. Haciendo que attuannik sea un kayak ideal para jugar con las olas y practicar maniobras groenlandesas o roll. Est\u00e1s desarrollado para ser usado con la mayor\u00eda de kayakistas de nivel medio a avanzado, permitiendo disfrutar desde un d\u00edas de surf y olas hasta traves\u00edas de 1 o dos d\u00edas gracias a su buena capacidad de mantener el rumbo, sin perder maniobrabilidad. En definitiva se trata de un kayak muy responsivo y agil, sin perder las caracter\u00edsticas de navegaci\u00f3n que necesita un kayak de mar.<\/p>","protected":false},"excerpt":{"rendered":"<p>Attuannik kit de autoconstrucci\u00f3n sistema LP<\/p>","protected":false},"featured_media":406536,"template":"","meta":{"_uf_show_specific_survey":0,"_uf_disable_surveys":false},"product_brand":[],"product_cat":[269,274],"product_tag":[271,270],"class_list":{"0":"post-406429","1":"product","2":"type-product","3":"status-publish","4":"has-post-thumbnail","6":"product_cat-attuannik","7":"product_cat-attuannik-kit","8":"product_tag-attuannik","9":"product_tag-kayak","11":"first","12":"instock","13":"sale","14":"taxable","15":"shipping-taxable","16":"purchasable","17":"product-type-simple"},"aioseo_notices":[],"_links":{"self":[{"href":"https:\/\/nautiluskayaks.es\/en\/wp-json\/wp\/v2\/product\/406429","targetHints":{"allow":["GET"]}}],"collection":[{"href":"https:\/\/nautiluskayaks.es\/en\/wp-json\/wp\/v2\/product"}],"about":[{"href":"https:\/\/nautiluskayaks.es\/en\/wp-json\/wp\/v2\/types\/product"}],"wp:featuredmedia":[{"embeddable":true,"href":"https:\/\/nautiluskayaks.es\/en\/wp-json\/wp\/v2\/media\/406536"}],"wp:attachment":[{"href":"https:\/\/nautiluskayaks.es\/en\/wp-json\/wp\/v2\/media?parent=406429"}],"wp:term":[{"taxonomy":"product_brand","embeddable":true,"href":"https:\/\/nautiluskayaks.es\/en\/wp-json\/wp\/v2\/product_brand?post=406429"},{"taxonomy":"product_cat","embeddable":true,"href":"https:\/\/nautiluskayaks.es\/en\/wp-json\/wp\/v2\/product_cat?post=406429"},{"taxonomy":"product_tag","embeddable":true,"href":"https:\/\/nautiluskayaks.es\/en\/wp-json\/wp\/v2\/product_tag?post=406429"}],"curies":[{"name":"wp","href":"https:\/\/api.w.org\/{rel}","templated":true}]}}