{"id":406997,"date":"2024-08-01T16:13:57","date_gmt":"2024-08-01T14:13:57","guid":{"rendered":"https:\/\/nautiluskayaks.es\/?page_id=406997"},"modified":"2024-08-01T16:16:58","modified_gmt":"2024-08-01T14:16:58","slug":"politica-de-envios","status":"publish","type":"page","link":"https:\/\/nautiluskayaks.es\/en\/politica-de-envios\/","title":{"rendered":"Shipping Policy"},"content":{"rendered":"<div data-elementor-type=\"wp-page\" data-elementor-id=\"406997\" class=\"elementor elementor-406997\" data-elementor-post-type=\"page\">\n\t\t\t\t\t\t<section class=\"elementor-section elementor-top-section elementor-element elementor-element-1604f557 elementor-section-boxed elementor-section-height-default elementor-section-height-default\" data-id=\"1604f557\" data-element_type=\"section\" data-e-type=\"section\">\n\t\t\t\t\t\t<div class=\"elementor-container elementor-column-gap-default\">\n\t\t\t\t\t<div class=\"elementor-column elementor-col-100 elementor-top-column elementor-element elementor-element-4ec69a41\" data-id=\"4ec69a41\" data-element_type=\"column\" data-e-type=\"column\">\n\t\t\t<div class=\"elementor-widget-wrap elementor-element-populated\">\n\t\t\t\t\t\t<div class=\"elementor-element elementor-element-3bbc2053 elementor-widget elementor-widget-text-editor\" data-id=\"3bbc2053\" data-element_type=\"widget\" data-e-type=\"widget\" data-widget_type=\"text-editor.default\">\n\t\t\t\t<div class=\"elementor-widget-container\">\n\t\t\t\t\t\t\t\t\t<p><strong>Attuannik Kit<\/strong>: From the confirmation of the purchase of the Attuannik kit, we allow a handling period of one week. The shipping will have a stipulated delivery time of one week after the handling period. Total delivery time from the confirmation of purchase is two weeks.<\/p><p><br \/><strong>Attuannik Plans<\/strong>: From the confirmation of the purchase of the Attuannik plans, we allow a handling period of one week. The shipping will have a stipulated delivery time of one week after the handling period. Total delivery time from the confirmation of purchase is two weeks.<\/p><p><br \/><strong>Fairlead maroske<\/strong>: From the confirmation of the purchase of the Maroske deck fittings for the Attuannik kayak, we allow a handling period of one week. The shipping will have a stipulated delivery time of one week after the handling period. Total delivery time from the confirmation of purchase is two weeks.<\/p><p><br \/><strong>Attuannik assembled<\/strong>: In the case of the \u201cAttuannik assembled\u201d option, the manufacturing and delivery time of this product must be agreed upon between the manufacturer and the buyer. Please contact us via email before proceeding with the payment at Roberto@nautiluskayaks.es. <strong>Roberto@nautiluskayaks.es<\/strong><\/p>\t\t\t\t\t\t\t\t<\/div>\n\t\t\t\t<\/div>\n\t\t\t\t\t<\/div>\n\t\t<\/div>\n\t\t\t\t\t<\/div>\n\t\t<\/section>\n\t\t\t\t<\/div>","protected":false},"excerpt":{"rendered":"<p>Kit Attuannik: Desde la confirmaci\u00f3n de compra del kit Attuannik, contemplamos un plazo de manipulaci\u00f3n del art\u00edculo de una semana. El env\u00edo tendr\u00e1 un tiempo de entrega estipulado de una semana despu\u00e9s del plazo de manipulaci\u00f3n. Total del plazo de entrega desde la confirmaci\u00f3n de la compra (dos semanas) Planos Attuannik: Desde la confirmaci\u00f3n de [&hellip;]<\/p>","protected":false},"author":1,"featured_media":0,"parent":0,"menu_order":0,"comment_status":"closed","ping_status":"closed","template":"","meta":{"_uf_show_specific_survey":0,"_uf_disable_surveys":false,"footnotes":""},"class_list":["post-406997","page","type-page","status-publish","hentry"],"aioseo_notices":[],"_links":{"self":[{"href":"https:\/\/nautiluskayaks.es\/en\/wp-json\/wp\/v2\/pages\/406997","targetHints":{"allow":["GET"]}}],"collection":[{"href":"https:\/\/nautiluskayaks.es\/en\/wp-json\/wp\/v2\/pages"}],"about":[{"href":"https:\/\/nautiluskayaks.es\/en\/wp-json\/wp\/v2\/types\/page"}],"author":[{"embeddable":true,"href":"https:\/\/nautiluskayaks.es\/en\/wp-json\/wp\/v2\/users\/1"}],"replies":[{"embeddable":true,"href":"https:\/\/nautiluskayaks.es\/en\/wp-json\/wp\/v2\/comments?post=406997"}],"version-history":[{"count":0,"href":"https:\/\/nautiluskayaks.es\/en\/wp-json\/wp\/v2\/pages\/406997\/revisions"}],"wp:attachment":[{"href":"https:\/\/nautiluskayaks.es\/en\/wp-json\/wp\/v2\/media?parent=406997"}],"curies":[{"name":"wp","href":"https:\/\/api.w.org\/{rel}","templated":true}]}}