{"id":406980,"date":"2024-07-29T11:27:30","date_gmt":"2024-07-29T09:27:30","guid":{"rendered":"https:\/\/nautiluskayaks.es\/?page_id=406980"},"modified":"2024-07-29T11:36:56","modified_gmt":"2024-07-29T09:36:56","slug":"cambios-y-devoluciones","status":"publish","type":"page","link":"https:\/\/nautiluskayaks.es\/en\/cambios-y-devoluciones\/","title":{"rendered":"Cambios y Devoluciones"},"content":{"rendered":"<div data-elementor-type=\"wp-page\" data-elementor-id=\"406980\" class=\"elementor elementor-406980\" data-elementor-post-type=\"page\">\n\t\t\t\t\t\t<section class=\"elementor-section elementor-top-section elementor-element elementor-element-1604f557 elementor-section-boxed elementor-section-height-default elementor-section-height-default\" data-id=\"1604f557\" data-element_type=\"section\" data-e-type=\"section\">\n\t\t\t\t\t\t<div class=\"elementor-container elementor-column-gap-default\">\n\t\t\t\t\t<div class=\"elementor-column elementor-col-100 elementor-top-column elementor-element elementor-element-4ec69a41\" data-id=\"4ec69a41\" data-element_type=\"column\" data-e-type=\"column\">\n\t\t\t<div class=\"elementor-widget-wrap elementor-element-populated\">\n\t\t\t\t\t\t<div class=\"elementor-element elementor-element-3bbc2053 elementor-widget elementor-widget-text-editor\" data-id=\"3bbc2053\" data-element_type=\"widget\" data-e-type=\"widget\" data-widget_type=\"text-editor.default\">\n\t\t\t\t<div class=\"elementor-widget-container\">\n\t\t\t\t\t\t\t\t\t<p>You have two days after receipt of the package to verify that all parts of the kit are present and that they are not damaged. For this purpose, you have the parts drawing in the documentation supplied with the kit.<br \/>After this period we understand that everything is correct, so no claims will be accepted.<\/p>\n<p>If for any reason you are not satisfied with your order, <strong>you have 14 calendar days<\/strong>, from the date of delivery of the order, to return it.<\/p>\n<p><br \/>In order to exercise this right, you have to write us an email at <strong>roberto@nautiluskayaks.es<\/strong> to inform us in due time so that we can authorize the return. In any case the shipping costs for the return will be borne by the customer.<\/p>\n<p><br \/>It is very important that you return the product(s) to us perfectly packed. If the products are damaged due to improper packaging, we will not accept the return.<\/p>\n<p>We will not accept the return of products that do not come with their original packaging or those items that have been customized and\/or adapted for the customer outside the standard of our catalog.<\/p>\n<p><br \/>Once we receive the items in our warehouse and verify that the above circumstances are met, we will accept the return and proceed to exchange the product or refund the amount.<\/p>\n<p><br \/>Defects or damage due to incorrect use or handling of the material or wear and tear caused by normal use of the material are not included in this warranty.<\/p>\t\t\t\t\t\t\t\t<\/div>\n\t\t\t\t<\/div>\n\t\t\t\t\t<\/div>\n\t\t<\/div>\n\t\t\t\t\t<\/div>\n\t\t<\/section>\n\t\t\t\t<\/div>","protected":false},"excerpt":{"rendered":"<p>Dispones de dos d\u00edas despu\u00e9s de la recepci\u00f3n del paquete para verificar que todas las piezas del kit est\u00e1n y que no est\u00e1n da\u00f1adas para ello cuentas con el plano de piezas en la documentaci\u00f3n que se suministra con el kit.Despu\u00e9s de ese plazo entendemos que todo est\u00e1 correcto, por lo que no se aceptan [&hellip;]<\/p>","protected":false},"author":1,"featured_media":0,"parent":0,"menu_order":0,"comment_status":"closed","ping_status":"closed","template":"","meta":{"_uf_show_specific_survey":0,"_uf_disable_surveys":false,"footnotes":""},"class_list":["post-406980","page","type-page","status-publish","hentry"],"aioseo_notices":[],"_links":{"self":[{"href":"https:\/\/nautiluskayaks.es\/en\/wp-json\/wp\/v2\/pages\/406980","targetHints":{"allow":["GET"]}}],"collection":[{"href":"https:\/\/nautiluskayaks.es\/en\/wp-json\/wp\/v2\/pages"}],"about":[{"href":"https:\/\/nautiluskayaks.es\/en\/wp-json\/wp\/v2\/types\/page"}],"author":[{"embeddable":true,"href":"https:\/\/nautiluskayaks.es\/en\/wp-json\/wp\/v2\/users\/1"}],"replies":[{"embeddable":true,"href":"https:\/\/nautiluskayaks.es\/en\/wp-json\/wp\/v2\/comments?post=406980"}],"version-history":[{"count":0,"href":"https:\/\/nautiluskayaks.es\/en\/wp-json\/wp\/v2\/pages\/406980\/revisions"}],"wp:attachment":[{"href":"https:\/\/nautiluskayaks.es\/en\/wp-json\/wp\/v2\/media?parent=406980"}],"curies":[{"name":"wp","href":"https:\/\/api.w.org\/{rel}","templated":true}]}}