{"id":393254,"date":"2022-01-10T19:01:13","date_gmt":"2022-01-10T19:01:13","guid":{"rendered":"https:\/\/nautiluskayaks.es\/?page_id=393254"},"modified":"2022-03-15T16:58:59","modified_gmt":"2022-03-15T16:58:59","slug":"construccion-surfski","status":"publish","type":"page","link":"https:\/\/nautiluskayaks.es\/en\/construccion-surfski\/","title":{"rendered":"CONSTRUCCI\u00d3N DE UN SURFSKI"},"content":{"rendered":"<div data-elementor-type=\"wp-page\" data-elementor-id=\"393254\" class=\"elementor elementor-393254\" data-elementor-post-type=\"page\">\n\t\t\t\t\t\t<section class=\"elementor-section elementor-top-section elementor-element elementor-element-e5639c8 elementor-section-boxed elementor-section-height-default elementor-section-height-default\" data-id=\"e5639c8\" data-element_type=\"section\" data-e-type=\"section\">\n\t\t\t\t\t\t\t<div class=\"elementor-background-overlay\"><\/div>\n\t\t\t\t\t\t\t<div class=\"elementor-container elementor-column-gap-default\">\n\t\t\t\t\t<div class=\"elementor-column elementor-col-100 elementor-top-column elementor-element elementor-element-a2c104b\" data-id=\"a2c104b\" data-element_type=\"column\" data-e-type=\"column\">\n\t\t\t<div class=\"elementor-widget-wrap elementor-element-populated\">\n\t\t\t\t\t\t<div class=\"elementor-element elementor-element-fe9e2c7 elementor-grid-4 elementor-grid-tablet-2 elementor-grid-mobile-1 elementor-posts--thumbnail-top elementor-card-shadow-yes elementor-posts__hover-gradient elementor-widget elementor-widget-posts\" data-id=\"fe9e2c7\" data-element_type=\"widget\" data-e-type=\"widget\" data-settings=\"{&quot;cards_columns&quot;:&quot;4&quot;,&quot;cards_row_gap&quot;:{&quot;unit&quot;:&quot;px&quot;,&quot;size&quot;:30,&quot;sizes&quot;:[]},&quot;pagination_type&quot;:&quot;numbers_and_prev_next&quot;,&quot;cards_columns_tablet&quot;:&quot;2&quot;,&quot;cards_columns_mobile&quot;:&quot;1&quot;,&quot;cards_row_gap_tablet&quot;:{&quot;unit&quot;:&quot;px&quot;,&quot;size&quot;:&quot;&quot;,&quot;sizes&quot;:[]},&quot;cards_row_gap_mobile&quot;:{&quot;unit&quot;:&quot;px&quot;,&quot;size&quot;:&quot;&quot;,&quot;sizes&quot;:[]}}\" data-widget_type=\"posts.cards\">\n\t\t\t\t<div class=\"elementor-widget-container\">\n\t\t\t\t\t\t\t<div class=\"elementor-posts-container elementor-posts elementor-posts--skin-cards elementor-grid\" role=\"list\">\n\t\t\t\t<article class=\"elementor-post elementor-grid-item post-1162 post type-post status-publish format-standard hentry category-construccion category-surfski-construccion\" role=\"listitem\">\n\t\t\t<div class=\"elementor-post__card\">\n\t\t\t\t<div class=\"elementor-post__text\">\n\t\t\t\t<h3 class=\"elementor-post__title\">\n\t\t\t<a href=\"https:\/\/nautiluskayaks.es\/en\/construccion-del-surfski-spray-by-thomasson\/\" >\n\t\t\t\t1 Construcci\u00f3n de un surfsk\u00ed : Introducci\u00f3n &#8211;  modelo \u00abSpray\u00bb by Thomasson\t\t\t<\/a>\n\t\t<\/h3>\n\t\t\n\t\t<a class=\"elementor-post__read-more\" href=\"https:\/\/nautiluskayaks.es\/en\/construccion-del-surfski-spray-by-thomasson\/\" aria-label=\"Read more about 1 Construcci\u00f3n de un surfsk\u00ed : Introducci\u00f3n &#8211;  modelo \u00abSpray\u00bb by Thomasson\" tabindex=\"-1\" >\n\t\t\tLEER \u00bb\t\t<\/a>\n\n\t\t\t\t<\/div>\n\t\t\t\t\t<\/div>\n\t\t<\/article>\n\t\t\t\t<article class=\"elementor-post elementor-grid-item post-1158 post type-post status-publish format-standard has-post-thumbnail hentry category-construccion category-surfski-construccion\" role=\"listitem\">\n\t\t\t<div class=\"elementor-post__card\">\n\t\t\t\t<a class=\"elementor-post__thumbnail__link\" href=\"https:\/\/nautiluskayaks.es\/en\/2-construccion-de-un-surfski-montando-la-estructura-de-cuadernas-del-surfski\/\" tabindex=\"-1\" ><div class=\"elementor-post__thumbnail\"><img fetchpriority=\"high\" decoding=\"async\" width=\"300\" height=\"168\" src=\"https:\/\/nautiluskayaks.es\/wp-content\/uploads\/surfski-nautilus-3-300x168.jpg\" class=\"attachment-medium size-medium wp-image-1180\" alt=\"\" srcset=\"https:\/\/nautiluskayaks.es\/wp-content\/uploads\/surfski-nautilus-3-300x168.jpg 300w, https:\/\/nautiluskayaks.es\/wp-content\/uploads\/surfski-nautilus-3-768x431.jpg 768w, https:\/\/nautiluskayaks.es\/wp-content\/uploads\/surfski-nautilus-3-1024x575.jpg 1024w\" sizes=\"(max-width: 300px) 100vw, 300px\" \/><\/div><\/a>\n\t\t\t\t<div class=\"elementor-post__badge\">CONSTRUCCI\u00d3N<\/div>\n\t\t\t\t<div class=\"elementor-post__text\">\n\t\t\t\t<h3 class=\"elementor-post__title\">\n\t\t\t<a href=\"https:\/\/nautiluskayaks.es\/en\/2-construccion-de-un-surfski-montando-la-estructura-de-cuadernas-del-surfski\/\" >\n\t\t\t\t2 Construcci\u00f3n de un surfski : montando la estructura de cuadernas\t\t\t<\/a>\n\t\t<\/h3>\n\t\t\n\t\t<a class=\"elementor-post__read-more\" href=\"https:\/\/nautiluskayaks.es\/en\/2-construccion-de-un-surfski-montando-la-estructura-de-cuadernas-del-surfski\/\" aria-label=\"Read more about 2 Construcci\u00f3n de un surfski : montando la estructura de cuadernas\" tabindex=\"-1\" >\n\t\t\tLEER \u00bb\t\t<\/a>\n\n\t\t\t\t<\/div>\n\t\t\t\t\t<\/div>\n\t\t<\/article>\n\t\t\t\t<article class=\"elementor-post elementor-grid-item post-1214 post type-post status-publish format-standard has-post-thumbnail hentry category-construccion category-surfski-construccion\" role=\"listitem\">\n\t\t\t<div class=\"elementor-post__card\">\n\t\t\t\t<a class=\"elementor-post__thumbnail__link\" href=\"https:\/\/nautiluskayaks.es\/en\/completando-y-cerrando-el-casco\/\" tabindex=\"-1\" ><div class=\"elementor-post__thumbnail\"><img decoding=\"async\" width=\"300\" height=\"147\" src=\"https:\/\/nautiluskayaks.es\/wp-content\/uploads\/surfski-de-madera-nautilus-kayaks-5-e1510862461539-300x147.jpg\" class=\"attachment-medium size-medium wp-image-1221\" alt=\"\" srcset=\"https:\/\/nautiluskayaks.es\/wp-content\/uploads\/surfski-de-madera-nautilus-kayaks-5-e1510862461539-300x147.jpg 300w, https:\/\/nautiluskayaks.es\/wp-content\/uploads\/surfski-de-madera-nautilus-kayaks-5-e1510862461539-768x376.jpg 768w, https:\/\/nautiluskayaks.es\/wp-content\/uploads\/surfski-de-madera-nautilus-kayaks-5-e1510862461539-1024x502.jpg 1024w\" sizes=\"(max-width: 300px) 100vw, 300px\" \/><\/div><\/a>\n\t\t\t\t<div class=\"elementor-post__badge\">CONSTRUCCI\u00d3N<\/div>\n\t\t\t\t<div class=\"elementor-post__text\">\n\t\t\t\t<h3 class=\"elementor-post__title\">\n\t\t\t<a href=\"https:\/\/nautiluskayaks.es\/en\/completando-y-cerrando-el-casco\/\" >\n\t\t\t\t3 Construcci\u00f3n de un surfsk\u00ed : Completando y cerrando el casco.\t\t\t<\/a>\n\t\t<\/h3>\n\t\t\n\t\t<a class=\"elementor-post__read-more\" href=\"https:\/\/nautiluskayaks.es\/en\/completando-y-cerrando-el-casco\/\" aria-label=\"Read more about 3 Construcci\u00f3n de un surfsk\u00ed : Completando y cerrando el casco.\" tabindex=\"-1\" >\n\t\t\tLEER \u00bb\t\t<\/a>\n\n\t\t\t\t<\/div>\n\t\t\t\t\t<\/div>\n\t\t<\/article>\n\t\t\t\t<article class=\"elementor-post elementor-grid-item post-1320 post type-post status-publish format-standard has-post-thumbnail hentry category-construccion category-surfski-construccion\" role=\"listitem\">\n\t\t\t<div class=\"elementor-post__card\">\n\t\t\t\t<a class=\"elementor-post__thumbnail__link\" href=\"https:\/\/nautiluskayaks.es\/en\/extraccion-de-las-cuadernas\/\" tabindex=\"-1\" ><div class=\"elementor-post__thumbnail\"><img decoding=\"async\" width=\"300\" height=\"188\" src=\"https:\/\/nautiluskayaks.es\/wp-content\/uploads\/IMG_20171212_192734-300x188.jpg\" class=\"attachment-medium size-medium wp-image-1327\" alt=\"\" srcset=\"https:\/\/nautiluskayaks.es\/wp-content\/uploads\/IMG_20171212_192734-300x188.jpg 300w, https:\/\/nautiluskayaks.es\/wp-content\/uploads\/IMG_20171212_192734-768x481.jpg 768w, https:\/\/nautiluskayaks.es\/wp-content\/uploads\/IMG_20171212_192734-1024x641.jpg 1024w\" sizes=\"(max-width: 300px) 100vw, 300px\" \/><\/div><\/a>\n\t\t\t\t<div class=\"elementor-post__badge\">CONSTRUCCI\u00d3N<\/div>\n\t\t\t\t<div class=\"elementor-post__text\">\n\t\t\t\t<h3 class=\"elementor-post__title\">\n\t\t\t<a href=\"https:\/\/nautiluskayaks.es\/en\/extraccion-de-las-cuadernas\/\" >\n\t\t\t\t4 Construcci\u00f3n de un surfsk\u00ed : Extracci\u00f3n de las cuadernas e imprimaci\u00f3n del interior del casco.\t\t\t<\/a>\n\t\t<\/h3>\n\t\t\n\t\t<a class=\"elementor-post__read-more\" href=\"https:\/\/nautiluskayaks.es\/en\/extraccion-de-las-cuadernas\/\" aria-label=\"Read more about 4 Construcci\u00f3n de un surfsk\u00ed : Extracci\u00f3n de las cuadernas e imprimaci\u00f3n del interior del casco.\" tabindex=\"-1\" >\n\t\t\tLEER \u00bb\t\t<\/a>\n\n\t\t\t\t<\/div>\n\t\t\t\t\t<\/div>\n\t\t<\/article>\n\t\t\t\t<article class=\"elementor-post elementor-grid-item post-1345 post type-post status-publish format-standard has-post-thumbnail hentry category-construccion category-surfski-construccion\" role=\"listitem\">\n\t\t\t<div class=\"elementor-post__card\">\n\t\t\t\t<a class=\"elementor-post__thumbnail__link\" href=\"https:\/\/nautiluskayaks.es\/en\/vamos-a-por-la-cubierta-del-surfski-spray\/\" tabindex=\"-1\" ><div class=\"elementor-post__thumbnail\"><img loading=\"lazy\" decoding=\"async\" width=\"300\" height=\"121\" src=\"https:\/\/nautiluskayaks.es\/wp-content\/uploads\/2-building-surfski-spray-deck-1-300x121.jpg\" class=\"attachment-medium size-medium wp-image-1348\" alt=\"\" srcset=\"https:\/\/nautiluskayaks.es\/wp-content\/uploads\/2-building-surfski-spray-deck-1-300x121.jpg 300w, https:\/\/nautiluskayaks.es\/wp-content\/uploads\/2-building-surfski-spray-deck-1-768x309.jpg 768w, https:\/\/nautiluskayaks.es\/wp-content\/uploads\/2-building-surfski-spray-deck-1-1024x412.jpg 1024w\" sizes=\"(max-width: 300px) 100vw, 300px\" \/><\/div><\/a>\n\t\t\t\t<div class=\"elementor-post__badge\">CONSTRUCCI\u00d3N<\/div>\n\t\t\t\t<div class=\"elementor-post__text\">\n\t\t\t\t<h3 class=\"elementor-post__title\">\n\t\t\t<a href=\"https:\/\/nautiluskayaks.es\/en\/vamos-a-por-la-cubierta-del-surfski-spray\/\" >\n\t\t\t\t5 Construcci\u00f3n de un surfsk\u00ed : Vamos a por la cubierta del surfski \u00abSpray\u00bb\t\t\t<\/a>\n\t\t<\/h3>\n\t\t\n\t\t<a class=\"elementor-post__read-more\" href=\"https:\/\/nautiluskayaks.es\/en\/vamos-a-por-la-cubierta-del-surfski-spray\/\" aria-label=\"Read more about 5 Construcci\u00f3n de un surfsk\u00ed : Vamos a por la cubierta del surfski \u00abSpray\u00bb\" tabindex=\"-1\" >\n\t\t\tLEER \u00bb\t\t<\/a>\n\n\t\t\t\t<\/div>\n\t\t\t\t\t<\/div>\n\t\t<\/article>\n\t\t\t\t<article class=\"elementor-post elementor-grid-item post-1384 post type-post status-publish format-standard has-post-thumbnail hentry category-construccion category-surfski-construccion\" role=\"listitem\">\n\t\t\t<div class=\"elementor-post__card\">\n\t\t\t\t<a class=\"elementor-post__thumbnail__link\" href=\"https:\/\/nautiluskayaks.es\/en\/la-cabina-del-surfski-esa-es-la-cuestion\/\" tabindex=\"-1\" ><div class=\"elementor-post__thumbnail\"><img loading=\"lazy\" decoding=\"async\" width=\"168\" height=\"300\" src=\"https:\/\/nautiluskayaks.es\/wp-content\/uploads\/nautilus-kayaks-building-spray-guillemot-cabina-13-168x300.jpg\" class=\"attachment-medium size-medium wp-image-1387\" alt=\"\" srcset=\"https:\/\/nautiluskayaks.es\/wp-content\/uploads\/nautilus-kayaks-building-spray-guillemot-cabina-13-168x300.jpg 168w, https:\/\/nautiluskayaks.es\/wp-content\/uploads\/nautilus-kayaks-building-spray-guillemot-cabina-13-768x1368.jpg 768w, https:\/\/nautiluskayaks.es\/wp-content\/uploads\/nautilus-kayaks-building-spray-guillemot-cabina-13-575x1024.jpg 575w\" sizes=\"(max-width: 168px) 100vw, 168px\" \/><\/div><\/a>\n\t\t\t\t<div class=\"elementor-post__badge\">CONSTRUCCI\u00d3N<\/div>\n\t\t\t\t<div class=\"elementor-post__text\">\n\t\t\t\t<h3 class=\"elementor-post__title\">\n\t\t\t<a href=\"https:\/\/nautiluskayaks.es\/en\/la-cabina-del-surfski-esa-es-la-cuestion\/\" >\n\t\t\t\t6 Construcci\u00f3n de un surfsk\u00ed : La cabina del surfski: esa es la cuesti\u00f3n!!\t\t\t<\/a>\n\t\t<\/h3>\n\t\t\n\t\t<a class=\"elementor-post__read-more\" href=\"https:\/\/nautiluskayaks.es\/en\/la-cabina-del-surfski-esa-es-la-cuestion\/\" aria-label=\"Read more about 6 Construcci\u00f3n de un surfsk\u00ed : La cabina del surfski: esa es la cuesti\u00f3n!!\" tabindex=\"-1\" >\n\t\t\tLEER \u00bb\t\t<\/a>\n\n\t\t\t\t<\/div>\n\t\t\t\t\t<\/div>\n\t\t<\/article>\n\t\t\t\t<article class=\"elementor-post elementor-grid-item post-1404 post type-post status-publish format-standard has-post-thumbnail hentry category-construccion category-surfski-construccion\" role=\"listitem\">\n\t\t\t<div class=\"elementor-post__card\">\n\t\t\t\t<a class=\"elementor-post__thumbnail__link\" href=\"https:\/\/nautiluskayaks.es\/en\/colocacion-de-los-mamparos\/\" tabindex=\"-1\" ><div class=\"elementor-post__thumbnail\"><img loading=\"lazy\" decoding=\"async\" width=\"300\" height=\"168\" src=\"https:\/\/nautiluskayaks.es\/wp-content\/uploads\/mamparo-surfski-300x168.jpg\" class=\"attachment-medium size-medium wp-image-1407\" alt=\"\" srcset=\"https:\/\/nautiluskayaks.es\/wp-content\/uploads\/mamparo-surfski-e1612944488677.jpg 300w, https:\/\/nautiluskayaks.es\/wp-content\/uploads\/mamparo-surfski-768x431.jpg 768w, https:\/\/nautiluskayaks.es\/wp-content\/uploads\/mamparo-surfski-1024x575.jpg 1024w\" sizes=\"(max-width: 300px) 100vw, 300px\" \/><\/div><\/a>\n\t\t\t\t<div class=\"elementor-post__badge\">CONSTRUCCI\u00d3N<\/div>\n\t\t\t\t<div class=\"elementor-post__text\">\n\t\t\t\t<h3 class=\"elementor-post__title\">\n\t\t\t<a href=\"https:\/\/nautiluskayaks.es\/en\/colocacion-de-los-mamparos\/\" >\n\t\t\t\t7 Construcci\u00f3n de un surfsk\u00ed : Colocaci\u00f3n de los mamparos.\t\t\t<\/a>\n\t\t<\/h3>\n\t\t\n\t\t<a class=\"elementor-post__read-more\" href=\"https:\/\/nautiluskayaks.es\/en\/colocacion-de-los-mamparos\/\" aria-label=\"Read more about 7 Construcci\u00f3n de un surfsk\u00ed : Colocaci\u00f3n de los mamparos.\" tabindex=\"-1\" >\n\t\t\tLEER \u00bb\t\t<\/a>\n\n\t\t\t\t<\/div>\n\t\t\t\t\t<\/div>\n\t\t<\/article>\n\t\t\t\t<article class=\"elementor-post elementor-grid-item post-1488 post type-post status-publish format-standard has-post-thumbnail hentry category-construccion category-surfski-construccion\" role=\"listitem\">\n\t\t\t<div class=\"elementor-post__card\">\n\t\t\t\t<a class=\"elementor-post__thumbnail__link\" href=\"https:\/\/nautiluskayaks.es\/en\/colocacion-del-liston-peri-metrico-para-la-union-de-casco-y-cubierta\/\" tabindex=\"-1\" ><div class=\"elementor-post__thumbnail\"><img loading=\"lazy\" decoding=\"async\" width=\"178\" height=\"300\" src=\"https:\/\/nautiluskayaks.es\/wp-content\/uploads\/nautilus-kayaks-closing-4-1-178x300.jpg\" class=\"attachment-medium size-medium wp-image-1500\" alt=\"\" srcset=\"https:\/\/nautiluskayaks.es\/wp-content\/uploads\/nautilus-kayaks-closing-4-1-178x300.jpg 178w, https:\/\/nautiluskayaks.es\/wp-content\/uploads\/nautilus-kayaks-closing-4-1-768x1295.jpg 768w, https:\/\/nautiluskayaks.es\/wp-content\/uploads\/nautilus-kayaks-closing-4-1-607x1024.jpg 607w, https:\/\/nautiluskayaks.es\/wp-content\/uploads\/nautilus-kayaks-closing-4-1.jpg 1942w\" sizes=\"(max-width: 178px) 100vw, 178px\" \/><\/div><\/a>\n\t\t\t\t<div class=\"elementor-post__badge\">CONSTRUCCI\u00d3N<\/div>\n\t\t\t\t<div class=\"elementor-post__text\">\n\t\t\t\t<h3 class=\"elementor-post__title\">\n\t\t\t<a href=\"https:\/\/nautiluskayaks.es\/en\/colocacion-del-liston-peri-metrico-para-la-union-de-casco-y-cubierta\/\" >\n\t\t\t\t8 Construcci\u00f3n de un surfsk\u00ed : Colocaci\u00f3n del list\u00f3n perim\u00e9trico para la uni\u00f3n de casco y cubierta.\t\t\t<\/a>\n\t\t<\/h3>\n\t\t\n\t\t<a class=\"elementor-post__read-more\" href=\"https:\/\/nautiluskayaks.es\/en\/colocacion-del-liston-peri-metrico-para-la-union-de-casco-y-cubierta\/\" aria-label=\"Read more about 8 Construcci\u00f3n de un surfsk\u00ed : Colocaci\u00f3n del list\u00f3n perim\u00e9trico para la uni\u00f3n de casco y cubierta.\" tabindex=\"-1\" >\n\t\t\tLEER \u00bb\t\t<\/a>\n\n\t\t\t\t<\/div>\n\t\t\t\t\t<\/div>\n\t\t<\/article>\n\t\t\t\t<\/div>\n\t\t\n\t\t\t\t\t\t<\/div>\n\t\t\t\t<\/div>\n\t\t\t\t\t<\/div>\n\t\t<\/div>\n\t\t\t\t\t<\/div>\n\t\t<\/section>\n\t\t\t\t<section class=\"elementor-section elementor-top-section elementor-element elementor-element-1b43c8d elementor-section-boxed elementor-section-height-default elementor-section-height-default\" data-id=\"1b43c8d\" data-element_type=\"section\" data-e-type=\"section\">\n\t\t\t\t\t\t<div class=\"elementor-container elementor-column-gap-default\">\n\t\t\t\t\t<div class=\"elementor-column elementor-col-100 elementor-top-column elementor-element elementor-element-c5ba0be\" data-id=\"c5ba0be\" data-element_type=\"column\" data-e-type=\"column\">\n\t\t\t<div class=\"elementor-widget-wrap elementor-element-populated\">\n\t\t\t\t\t\t<div class=\"elementor-element elementor-element-d72a51d elementor-widget elementor-widget-spacer\" data-id=\"d72a51d\" data-element_type=\"widget\" data-e-type=\"widget\" data-widget_type=\"spacer.default\">\n\t\t\t\t<div class=\"elementor-widget-container\">\n\t\t\t\t\t\t\t<div class=\"elementor-spacer\">\n\t\t\t<div class=\"elementor-spacer-inner\"><\/div>\n\t\t<\/div>\n\t\t\t\t\t\t<\/div>\n\t\t\t\t<\/div>\n\t\t\t\t\t<\/div>\n\t\t<\/div>\n\t\t\t\t\t<\/div>\n\t\t<\/section>\n\t\t\t\t<\/div>","protected":false},"excerpt":{"rendered":"","protected":false},"author":4,"featured_media":0,"parent":0,"menu_order":0,"comment_status":"closed","ping_status":"closed","template":"elementor_header_footer","meta":{"_uf_show_specific_survey":0,"_uf_disable_surveys":false,"footnotes":""},"class_list":["post-393254","page","type-page","status-publish","hentry"],"aioseo_notices":[],"_links":{"self":[{"href":"https:\/\/nautiluskayaks.es\/en\/wp-json\/wp\/v2\/pages\/393254","targetHints":{"allow":["GET"]}}],"collection":[{"href":"https:\/\/nautiluskayaks.es\/en\/wp-json\/wp\/v2\/pages"}],"about":[{"href":"https:\/\/nautiluskayaks.es\/en\/wp-json\/wp\/v2\/types\/page"}],"author":[{"embeddable":true,"href":"https:\/\/nautiluskayaks.es\/en\/wp-json\/wp\/v2\/users\/4"}],"replies":[{"embeddable":true,"href":"https:\/\/nautiluskayaks.es\/en\/wp-json\/wp\/v2\/comments?post=393254"}],"version-history":[{"count":0,"href":"https:\/\/nautiluskayaks.es\/en\/wp-json\/wp\/v2\/pages\/393254\/revisions"}],"wp:attachment":[{"href":"https:\/\/nautiluskayaks.es\/en\/wp-json\/wp\/v2\/media?parent=393254"}],"curies":[{"name":"wp","href":"https:\/\/api.w.org\/{rel}","templated":true}]}}